{"id":1170,"date":"2024-12-12T16:22:00","date_gmt":"2024-12-12T16:22:00","guid":{"rendered":"https:\/\/motovitalex.md\/?post_type=product&#038;p=1170"},"modified":"2024-12-12T17:09:57","modified_gmt":"2024-12-12T17:09:57","slug":"capac-superior-al-carcasei-cutiei-de-viteze-pentru-cutia-de-viteze-6-1-orificiu","status":"publish","type":"product","link":"https:\/\/motovitalex.md\/ru\/product\/capac-superior-al-carcasei-cutiei-de-viteze-pentru-cutia-de-viteze-6-1-orificiu\/","title":{"rendered":"Capac superior al carcasei cutiei de viteze  pentru cutia de viteze\/6, 1 orificiu"},"content":{"rendered":"<p>Capacul\u00a0 pentru cutia de viteze\/6 cu 1 orificiu este o pies\u0103 special conceput\u0103 pentru a \u00eenchide partea superioar\u0103 a cutiei de viteze\/6. Ofer\u0103 protec\u021bie componentelor interne ale cutiei de viteze \u0219i asigur\u0103 etan\u0219eitatea.<\/p>\n<p>Capacul carcasei superioare\u00a0 de pe cutia de viteze\/6 cu 1 orificiu joac\u0103 un rol important \u00een asigurarea func\u021bion\u0103rii fiabile a cutiei de viteze. Ajut\u0103 la prevenirea p\u0103trunderii prafului, murd\u0103riei \u0219i altor influen\u021be externe \u00een interiorul cutiei de viteze, ceea ce poate afecta performan\u021ba \u0219i fiabilitatea acesteia.<\/p>","protected":false},"excerpt":{"rendered":"<p>Capacul\u00a0 pentru cutia de viteze\/6 cu 1 orificiu este o pies\u0103 special conceput\u0103 pentru a \u00eenchide partea superioar\u0103 a cutiei de viteze\/6. Ofer\u0103 protec\u021bie componentelor interne ale cutiei de viteze \u0219i asigur\u0103 etan\u0219eitatea. Capacul carcasei superioare\u00a0 de pe cutia de viteze\/6 cu 1 orificiu joac\u0103 un rol important \u00een asigurarea func\u021bion\u0103rii fiabile a cutiei de&hellip;<\/p>","protected":false},"featured_media":1171,"template":"","meta":[],"product_cat":[64],"product_tag":[],"class_list":{"0":"post-1170","1":"product","2":"type-product","3":"status-publish","4":"has-post-thumbnail","6":"product_cat-piese-auto","8":"first","9":"instock","10":"shipping-taxable","11":"purchasable","12":"product-type-simple"},"_links":{"self":[{"href":"https:\/\/motovitalex.md\/ru\/wp-json\/wp\/v2\/product\/1170","targetHints":{"allow":["GET"]}}],"collection":[{"href":"https:\/\/motovitalex.md\/ru\/wp-json\/wp\/v2\/product"}],"about":[{"href":"https:\/\/motovitalex.md\/ru\/wp-json\/wp\/v2\/types\/product"}],"version-history":[{"count":1,"href":"https:\/\/motovitalex.md\/ru\/wp-json\/wp\/v2\/product\/1170\/revisions"}],"predecessor-version":[{"id":1172,"href":"https:\/\/motovitalex.md\/ru\/wp-json\/wp\/v2\/product\/1170\/revisions\/1172"}],"wp:featuredmedia":[{"embeddable":true,"href":"https:\/\/motovitalex.md\/ru\/wp-json\/wp\/v2\/media\/1171"}],"wp:attachment":[{"href":"https:\/\/motovitalex.md\/ru\/wp-json\/wp\/v2\/media?parent=1170"}],"wp:term":[{"taxonomy":"product_cat","embeddable":true,"href":"https:\/\/motovitalex.md\/ru\/wp-json\/wp\/v2\/product_cat?post=1170"},{"taxonomy":"product_tag","embeddable":true,"href":"https:\/\/motovitalex.md\/ru\/wp-json\/wp\/v2\/product_tag?post=1170"}],"curies":[{"name":"wp","href":"https:\/\/api.w.org\/{rel}","templated":true}]}}