{"id":1167,"date":"2024-12-12T16:18:14","date_gmt":"2024-12-12T16:18:14","guid":{"rendered":"https:\/\/motovitalex.md\/?post_type=product&#038;p=1167"},"modified":"2024-12-12T17:11:10","modified_gmt":"2024-12-12T17:11:10","slug":"capac-supape-pentru-motor-diesel-190n-fonta","status":"publish","type":"product","link":"https:\/\/motovitalex.md\/ru\/product\/capac-supape-pentru-motor-diesel-190n-fonta\/","title":{"rendered":"Capac supape pentru motor diesel 190N, fonta"},"content":{"rendered":"<p>Capacul supapei\u00a0 pentru motor diesel 190N este proiectat pentru a proteja elementele sistemului de distribu\u021bie a gazelor situate \u00een chiulasa de influen\u021bele mecanice \u0219i atmosferice externe.<\/p>\n<p>Este realizat din font\u0103 de \u00eenalt\u0103 calitate prin turnare cu frezarea suprafe\u021bei de contact la cap pentru a asigura o leg\u0103tur\u0103 str\u00e2ns\u0103.<\/p>\n<p>Capacul este echipat cu un ax decompresor, ceea ce faciliteaz\u0103 pornirea motorului cu un demaror manual. Capacul este fixat cu un \u0219urub, pentru o pozi\u021bionare precis\u0103 \u0219i pentru a preveni deplasarea, este prev\u0103zut un orificiu pentru \u0219tiftul de ghidare prin care p\u0103trunde uleiul pentru a lubrifia mecanismul supapei.<\/p>\n<p>Grosimea mare a peretelui piesei ofer\u0103 protec\u021bie fiabil\u0103 \u0219i rezisten\u021b\u0103 structural\u0103.<\/p>","protected":false},"excerpt":{"rendered":"<p>Capacul supapei\u00a0 pentru motor diesel 190N este proiectat pentru a proteja elementele sistemului de distribu\u021bie a gazelor situate \u00een chiulasa de influen\u021bele mecanice \u0219i atmosferice externe. Este realizat din font\u0103 de \u00eenalt\u0103 calitate prin turnare cu frezarea suprafe\u021bei de contact la cap pentru a asigura o leg\u0103tur\u0103 str\u00e2ns\u0103. Capacul este echipat cu un ax decompresor,&hellip;<\/p>","protected":false},"featured_media":1168,"template":"","meta":[],"product_cat":[64],"product_tag":[],"class_list":{"0":"post-1167","1":"product","2":"type-product","3":"status-publish","4":"has-post-thumbnail","6":"product_cat-piese-auto","8":"first","9":"instock","10":"shipping-taxable","11":"purchasable","12":"product-type-simple"},"_links":{"self":[{"href":"https:\/\/motovitalex.md\/ru\/wp-json\/wp\/v2\/product\/1167","targetHints":{"allow":["GET"]}}],"collection":[{"href":"https:\/\/motovitalex.md\/ru\/wp-json\/wp\/v2\/product"}],"about":[{"href":"https:\/\/motovitalex.md\/ru\/wp-json\/wp\/v2\/types\/product"}],"version-history":[{"count":1,"href":"https:\/\/motovitalex.md\/ru\/wp-json\/wp\/v2\/product\/1167\/revisions"}],"predecessor-version":[{"id":1169,"href":"https:\/\/motovitalex.md\/ru\/wp-json\/wp\/v2\/product\/1167\/revisions\/1169"}],"wp:featuredmedia":[{"embeddable":true,"href":"https:\/\/motovitalex.md\/ru\/wp-json\/wp\/v2\/media\/1168"}],"wp:attachment":[{"href":"https:\/\/motovitalex.md\/ru\/wp-json\/wp\/v2\/media?parent=1167"}],"wp:term":[{"taxonomy":"product_cat","embeddable":true,"href":"https:\/\/motovitalex.md\/ru\/wp-json\/wp\/v2\/product_cat?post=1167"},{"taxonomy":"product_tag","embeddable":true,"href":"https:\/\/motovitalex.md\/ru\/wp-json\/wp\/v2\/product_tag?post=1167"}],"curies":[{"name":"wp","href":"https:\/\/api.w.org\/{rel}","templated":true}]}}