{"id":1163,"date":"2024-12-12T16:12:30","date_gmt":"2024-12-12T16:12:30","guid":{"rendered":"https:\/\/motovitalex.md\/?post_type=product&#038;p=1163"},"modified":"2024-12-12T17:12:15","modified_gmt":"2024-12-12T17:12:15","slug":"capac-supapa-pentru-motor-diesel-180n-fonta","status":"publish","type":"product","link":"https:\/\/motovitalex.md\/ru\/product\/capac-supapa-pentru-motor-diesel-180n-fonta\/","title":{"rendered":"Capac supap\u0103 pentru motor diesel 180N (font\u0103)"},"content":{"rendered":"<p>Capacul supapei\u00a0 pentru motor diesel 180N (font\u0103) face parte dintr-o unitate de putere r\u0103cit\u0103 cu ap\u0103. Proiectat pentru a proteja elementele sistemului de distribu\u021bie a gazului de deterior\u0103ri mecanice, praf, umiditate, precum \u0219i scurgerile de ulei din carcasa motorului.<\/p>\n<p>Piesa este din font\u0103, are o grosime semnificativ\u0103 a peretelui \u0219i o rezisten\u021b\u0103 mecanic\u0103 ridicat\u0103 datorit\u0103 rigidiz\u0103rilor interne. O p\u00e2rghie cu ax decompresor este \u00eencorporat\u0103 \u00een corpul capacului, facilit\u00e2nd pornirea motorului prin reducerea temporar\u0103 a compresiei \u00een momentul pornirii.<\/p>\n<p>Procesul de decompresie este controlat manual. Capacul este ata\u0219at de corpul chiulasei printr-o \u00eembinare de etan\u0219are a garniturii.<\/p>","protected":false},"excerpt":{"rendered":"<p>Capacul supapei\u00a0 pentru motor diesel 180N (font\u0103) face parte dintr-o unitate de putere r\u0103cit\u0103 cu ap\u0103. Proiectat pentru a proteja elementele sistemului de distribu\u021bie a gazului de deterior\u0103ri mecanice, praf, umiditate, precum \u0219i scurgerile de ulei din carcasa motorului. Piesa este din font\u0103, are o grosime semnificativ\u0103 a peretelui \u0219i o rezisten\u021b\u0103 mecanic\u0103 ridicat\u0103 datorit\u0103&hellip;<\/p>","protected":false},"featured_media":1164,"template":"","meta":[],"product_cat":[64],"product_tag":[],"class_list":{"0":"post-1163","1":"product","2":"type-product","3":"status-publish","4":"has-post-thumbnail","6":"product_cat-piese-auto","8":"first","9":"instock","10":"shipping-taxable","11":"purchasable","12":"product-type-simple"},"_links":{"self":[{"href":"https:\/\/motovitalex.md\/ru\/wp-json\/wp\/v2\/product\/1163","targetHints":{"allow":["GET"]}}],"collection":[{"href":"https:\/\/motovitalex.md\/ru\/wp-json\/wp\/v2\/product"}],"about":[{"href":"https:\/\/motovitalex.md\/ru\/wp-json\/wp\/v2\/types\/product"}],"version-history":[{"count":2,"href":"https:\/\/motovitalex.md\/ru\/wp-json\/wp\/v2\/product\/1163\/revisions"}],"predecessor-version":[{"id":1166,"href":"https:\/\/motovitalex.md\/ru\/wp-json\/wp\/v2\/product\/1163\/revisions\/1166"}],"wp:featuredmedia":[{"embeddable":true,"href":"https:\/\/motovitalex.md\/ru\/wp-json\/wp\/v2\/media\/1164"}],"wp:attachment":[{"href":"https:\/\/motovitalex.md\/ru\/wp-json\/wp\/v2\/media?parent=1163"}],"wp:term":[{"taxonomy":"product_cat","embeddable":true,"href":"https:\/\/motovitalex.md\/ru\/wp-json\/wp\/v2\/product_cat?post=1163"},{"taxonomy":"product_tag","embeddable":true,"href":"https:\/\/motovitalex.md\/ru\/wp-json\/wp\/v2\/product_tag?post=1163"}],"curies":[{"name":"wp","href":"https:\/\/api.w.org\/{rel}","templated":true}]}}