{"id":1144,"date":"2024-12-12T15:38:19","date_gmt":"2024-12-12T15:38:19","guid":{"rendered":"https:\/\/motovitalex.md\/?post_type=product&#038;p=1144"},"modified":"2024-12-12T17:18:16","modified_gmt":"2024-12-12T17:18:16","slug":"capac-cutie-de-viteze","status":"publish","type":"product","link":"https:\/\/motovitalex.md\/ru\/product\/capac-cutie-de-viteze\/","title":{"rendered":"Capac cutie de viteze 178F\/186F"},"content":{"rendered":"<p><span style=\"color: #000000;\">\u00a0 \u00a0Capac cutie de viteze &#8211; cutia de viteze este potrivit\u0103 pentru reductorul de viteze al tractoarelor cu mers pe jos diesel \u0219i benzin\u0103 cu o putere de 6-10 CP., aer r\u0103cit. <\/span><\/p>\n<p><span style=\"color: #000000;\">&#8211; Material &#8211; font\u0103.<\/span><\/p>\n<p><span style=\"color: #000000;\">-Greutate (gr.) &#8211; 1745<\/span><\/p>","protected":false},"excerpt":{"rendered":"<p>\u00a0 \u00a0Capac cutie de viteze &#8211; cutia de viteze este potrivit\u0103 pentru reductorul de viteze al tractoarelor cu mers pe jos diesel \u0219i benzin\u0103 cu o putere de 6-10 CP., aer r\u0103cit. &#8211; Material &#8211; font\u0103. -Greutate (gr.) &#8211; 1745<\/p>","protected":false},"featured_media":1145,"template":"","meta":[],"product_cat":[64],"product_tag":[],"class_list":{"0":"post-1144","1":"product","2":"type-product","3":"status-publish","4":"has-post-thumbnail","6":"product_cat-piese-auto","8":"first","9":"instock","10":"shipping-taxable","11":"purchasable","12":"product-type-simple"},"_links":{"self":[{"href":"https:\/\/motovitalex.md\/ru\/wp-json\/wp\/v2\/product\/1144","targetHints":{"allow":["GET"]}}],"collection":[{"href":"https:\/\/motovitalex.md\/ru\/wp-json\/wp\/v2\/product"}],"about":[{"href":"https:\/\/motovitalex.md\/ru\/wp-json\/wp\/v2\/types\/product"}],"version-history":[{"count":2,"href":"https:\/\/motovitalex.md\/ru\/wp-json\/wp\/v2\/product\/1144\/revisions"}],"predecessor-version":[{"id":1183,"href":"https:\/\/motovitalex.md\/ru\/wp-json\/wp\/v2\/product\/1144\/revisions\/1183"}],"wp:featuredmedia":[{"embeddable":true,"href":"https:\/\/motovitalex.md\/ru\/wp-json\/wp\/v2\/media\/1145"}],"wp:attachment":[{"href":"https:\/\/motovitalex.md\/ru\/wp-json\/wp\/v2\/media?parent=1144"}],"wp:term":[{"taxonomy":"product_cat","embeddable":true,"href":"https:\/\/motovitalex.md\/ru\/wp-json\/wp\/v2\/product_cat?post=1144"},{"taxonomy":"product_tag","embeddable":true,"href":"https:\/\/motovitalex.md\/ru\/wp-json\/wp\/v2\/product_tag?post=1144"}],"curies":[{"name":"wp","href":"https:\/\/api.w.org\/{rel}","templated":true}]}}