{"id":1140,"date":"2024-12-12T15:23:44","date_gmt":"2024-12-12T15:23:44","guid":{"rendered":"https:\/\/motovitalex.md\/?post_type=product&#038;p=1140"},"modified":"2024-12-12T17:20:04","modified_gmt":"2024-12-12T17:20:04","slug":"capac-carcasa-spate-pentru-cutia-de-viteze","status":"publish","type":"product","link":"https:\/\/motovitalex.md\/ru\/product\/capac-carcasa-spate-pentru-cutia-de-viteze\/","title":{"rendered":"Capac carcasa spate pentru cutia de viteze 6T"},"content":{"rendered":"<p>Capacul carcasei din spate a cutiei de viteze\u00a0 de pe cutia de viteze \/ 6 este o parte important\u0103 conceput\u0103 pentru a proteja componentele interne de corpurile str\u0103ine care p\u0103trund \u00een interiorul mecanismului.<\/p>\n<p>Aceast\u0103 pies\u0103 de schimb este potrivit\u0103 pentru utilizarea pe tractoare cu m\u00e2na pe jos \u0219i mototractoare echipate cu motoare diesel R180, R192 \u0219i R195 (N180, N192, N195) cu o putere de 7\/8\/10\/12 cai putere \u0219i r\u0103cire cu ap\u0103.<\/p>\n<p>Cutia de viteze are 6 trepte \u00eenainte \u0219i 2 \u00eenapoi.<\/p>\n<p>Materialul corpului este din font\u0103, oferind rezisten\u021b\u0103 \u0219i durabilitate.<\/p>\n<p>Capacul carcasei din spate a cutiei de viteze\u00a0 de pe cutia de viteze\/6 \u00eendepline\u0219te o func\u021bie important\u0103 de protec\u021bie a componentelor interne de praf, murd\u0103rie \u0219i alte influen\u021be externe, ceea ce contribuie la func\u021bionarea fiabil\u0103 a cutiei de viteze. Aceast\u0103 pies\u0103 are o construc\u021bie solid\u0103 \u0219i standarde de calitate \u00eenalta.<\/p>","protected":false},"excerpt":{"rendered":"<p>Capacul carcasei din spate a cutiei de viteze\u00a0 de pe cutia de viteze \/ 6 este o parte important\u0103 conceput\u0103 pentru a proteja componentele interne de corpurile str\u0103ine care p\u0103trund \u00een interiorul mecanismului. Aceast\u0103 pies\u0103 de schimb este potrivit\u0103 pentru utilizarea pe tractoare cu m\u00e2na pe jos \u0219i mototractoare echipate cu motoare diesel R180, R192&hellip;<\/p>","protected":false},"featured_media":1138,"template":"","meta":[],"product_cat":[64],"product_tag":[],"class_list":{"0":"post-1140","1":"product","2":"type-product","3":"status-publish","4":"has-post-thumbnail","6":"product_cat-piese-auto","8":"first","9":"instock","10":"shipping-taxable","11":"purchasable","12":"product-type-simple"},"_links":{"self":[{"href":"https:\/\/motovitalex.md\/ru\/wp-json\/wp\/v2\/product\/1140","targetHints":{"allow":["GET"]}}],"collection":[{"href":"https:\/\/motovitalex.md\/ru\/wp-json\/wp\/v2\/product"}],"about":[{"href":"https:\/\/motovitalex.md\/ru\/wp-json\/wp\/v2\/types\/product"}],"version-history":[{"count":3,"href":"https:\/\/motovitalex.md\/ru\/wp-json\/wp\/v2\/product\/1140\/revisions"}],"predecessor-version":[{"id":1184,"href":"https:\/\/motovitalex.md\/ru\/wp-json\/wp\/v2\/product\/1140\/revisions\/1184"}],"wp:featuredmedia":[{"embeddable":true,"href":"https:\/\/motovitalex.md\/ru\/wp-json\/wp\/v2\/media\/1138"}],"wp:attachment":[{"href":"https:\/\/motovitalex.md\/ru\/wp-json\/wp\/v2\/media?parent=1140"}],"wp:term":[{"taxonomy":"product_cat","embeddable":true,"href":"https:\/\/motovitalex.md\/ru\/wp-json\/wp\/v2\/product_cat?post=1140"},{"taxonomy":"product_tag","embeddable":true,"href":"https:\/\/motovitalex.md\/ru\/wp-json\/wp\/v2\/product_tag?post=1140"}],"curies":[{"name":"wp","href":"https:\/\/api.w.org\/{rel}","templated":true}]}}