{"id":1134,"date":"2024-12-12T15:05:23","date_gmt":"2024-12-12T15:05:23","guid":{"rendered":"https:\/\/motovitalex.md\/?post_type=product&#038;p=1134"},"modified":"2024-12-12T17:22:59","modified_gmt":"2024-12-12T17:22:59","slug":"bucse-de-biela-tata-pentru-motor-diesel-186f-000-mm-std","status":"publish","type":"product","link":"https:\/\/motovitalex.md\/ru\/product\/bucse-de-biela-tata-pentru-motor-diesel-186f-000-mm-std\/","title":{"rendered":"Bucse de biela  pentru motor diesel 186F, 0,00 mm STD"},"content":{"rendered":"<p><span style=\"color: #000000;\">\u00a0 \u00a0 Buc\u0219ele bielei STD &#8211; 186F sunt proiectate pentru a fi utilizate pe motoarele diesel de 10 CP. ,r\u0103cit cu aer, cum ar fi tractoare cu mers pe jos \u0219i alte echipamente. Grosimea arborelui cotit 40 mm.<\/span><\/p>\n<p><span style=\"color: #000000;\">\u00a0 \u00a0 Rulmen\u021bii de biele sunt componente esen\u021biale ale arderii interne a unui motor pentru a men\u021bine bielele etan\u0219ate \u0219i s\u0103 func\u021bioneze f\u0103r\u0103 probleme \u00een interiorul arborelui cotit. Acestea sunt instalate \u00een bielele motorului \u0219i sunt proiectate pentru a reduce frecarea dintre biele \u0219i arborele cotit \u00een timp ce acesta se rote\u0219te.<\/span><\/p>","protected":false},"excerpt":{"rendered":"<p>\u00a0 \u00a0 Buc\u0219ele bielei STD &#8211; 186F sunt proiectate pentru a fi utilizate pe motoarele diesel de 10 CP. ,r\u0103cit cu aer, cum ar fi tractoare cu mers pe jos \u0219i alte echipamente. Grosimea arborelui cotit 40 mm. \u00a0 \u00a0 Rulmen\u021bii de biele sunt componente esen\u021biale ale arderii interne a unui motor pentru a men\u021bine&hellip;<\/p>","protected":false},"featured_media":1135,"template":"","meta":[],"product_cat":[64],"product_tag":[],"class_list":{"0":"post-1134","1":"product","2":"type-product","3":"status-publish","4":"has-post-thumbnail","6":"product_cat-piese-auto","8":"first","9":"instock","10":"shipping-taxable","11":"purchasable","12":"product-type-simple"},"_links":{"self":[{"href":"https:\/\/motovitalex.md\/ru\/wp-json\/wp\/v2\/product\/1134","targetHints":{"allow":["GET"]}}],"collection":[{"href":"https:\/\/motovitalex.md\/ru\/wp-json\/wp\/v2\/product"}],"about":[{"href":"https:\/\/motovitalex.md\/ru\/wp-json\/wp\/v2\/types\/product"}],"version-history":[{"count":4,"href":"https:\/\/motovitalex.md\/ru\/wp-json\/wp\/v2\/product\/1134\/revisions"}],"predecessor-version":[{"id":1187,"href":"https:\/\/motovitalex.md\/ru\/wp-json\/wp\/v2\/product\/1134\/revisions\/1187"}],"wp:featuredmedia":[{"embeddable":true,"href":"https:\/\/motovitalex.md\/ru\/wp-json\/wp\/v2\/media\/1135"}],"wp:attachment":[{"href":"https:\/\/motovitalex.md\/ru\/wp-json\/wp\/v2\/media?parent=1134"}],"wp:term":[{"taxonomy":"product_cat","embeddable":true,"href":"https:\/\/motovitalex.md\/ru\/wp-json\/wp\/v2\/product_cat?post=1134"},{"taxonomy":"product_tag","embeddable":true,"href":"https:\/\/motovitalex.md\/ru\/wp-json\/wp\/v2\/product_tag?post=1134"}],"curies":[{"name":"wp","href":"https:\/\/api.w.org\/{rel}","templated":true}]}}