{"id":1131,"date":"2024-12-12T15:01:07","date_gmt":"2024-12-12T15:01:07","guid":{"rendered":"https:\/\/motovitalex.md\/?post_type=product&#038;p=1131"},"modified":"2024-12-12T17:24:27","modified_gmt":"2024-12-12T17:24:27","slug":"bucse-de-biela-std-pentru-motor-diesel-178f-000-mm","status":"publish","type":"product","link":"https:\/\/motovitalex.md\/ru\/product\/bucse-de-biela-std-pentru-motor-diesel-178f-000-mm\/","title":{"rendered":"Bucse de biela STD  pentru motor diesel 178F, 0,00 mm"},"content":{"rendered":"<p>Buc\u0219ele bielei STD pentru motor diesel 178F, 0,00 mm &#8211; o parte important\u0103 a mecanismului manivelei, \u00eendeplinesc func\u021biile lag\u0103relor lipite.<\/p>\n<p>Grosimea arborelui cotit 36 mm.<\/p>\n<p>Garniturile sunt semi-inele realizate dintr-un aliaj special.<\/p>\n<p>Se instaleaz\u0103 \u00eentre suportul bielei arborelui cotit \u0219i g\u00e2tul inferior al bielei.<\/p>\n<p>Datorit\u0103 propriet\u0103\u021bilor speciale ale materialului, c\u0103ptu\u0219elile reduc frecarea dintre suprafe\u021bele pieselor, ceea ce cre\u0219te semnificativ durata de via\u021b\u0103 a pieselor \u0219i asigur\u0103 func\u021bionarea fiabil\u0103 a unit\u0103\u021bii de alimentare.<\/p>","protected":false},"excerpt":{"rendered":"<p>Buc\u0219ele bielei STD pentru motor diesel 178F, 0,00 mm &#8211; o parte important\u0103 a mecanismului manivelei, \u00eendeplinesc func\u021biile lag\u0103relor lipite. Grosimea arborelui cotit 36 mm. Garniturile sunt semi-inele realizate dintr-un aliaj special. Se instaleaz\u0103 \u00eentre suportul bielei arborelui cotit \u0219i g\u00e2tul inferior al bielei. Datorit\u0103 propriet\u0103\u021bilor speciale ale materialului, c\u0103ptu\u0219elile reduc frecarea dintre suprafe\u021bele pieselor,&hellip;<\/p>","protected":false},"featured_media":1132,"template":"","meta":[],"product_cat":[64],"product_tag":[],"class_list":{"0":"post-1131","1":"product","2":"type-product","3":"status-publish","4":"has-post-thumbnail","6":"product_cat-piese-auto","8":"first","9":"instock","10":"shipping-taxable","11":"purchasable","12":"product-type-simple"},"_links":{"self":[{"href":"https:\/\/motovitalex.md\/ru\/wp-json\/wp\/v2\/product\/1131","targetHints":{"allow":["GET"]}}],"collection":[{"href":"https:\/\/motovitalex.md\/ru\/wp-json\/wp\/v2\/product"}],"about":[{"href":"https:\/\/motovitalex.md\/ru\/wp-json\/wp\/v2\/types\/product"}],"version-history":[{"count":3,"href":"https:\/\/motovitalex.md\/ru\/wp-json\/wp\/v2\/product\/1131\/revisions"}],"predecessor-version":[{"id":1189,"href":"https:\/\/motovitalex.md\/ru\/wp-json\/wp\/v2\/product\/1131\/revisions\/1189"}],"wp:featuredmedia":[{"embeddable":true,"href":"https:\/\/motovitalex.md\/ru\/wp-json\/wp\/v2\/media\/1132"}],"wp:attachment":[{"href":"https:\/\/motovitalex.md\/ru\/wp-json\/wp\/v2\/media?parent=1131"}],"wp:term":[{"taxonomy":"product_cat","embeddable":true,"href":"https:\/\/motovitalex.md\/ru\/wp-json\/wp\/v2\/product_cat?post=1131"},{"taxonomy":"product_tag","embeddable":true,"href":"https:\/\/motovitalex.md\/ru\/wp-json\/wp\/v2\/product_tag?post=1131"}],"curies":[{"name":"wp","href":"https:\/\/api.w.org\/{rel}","templated":true}]}}