{"id":1125,"date":"2024-12-12T14:46:10","date_gmt":"2024-12-12T14:46:10","guid":{"rendered":"https:\/\/motovitalex.md\/?post_type=product&#038;p=1125"},"modified":"2024-12-12T17:27:28","modified_gmt":"2024-12-12T17:27:28","slug":"arborele-angrenajului-axului-l-220-z-8-partea-planetara-1-cutie-de-viteze","status":"publish","type":"product","link":"https:\/\/motovitalex.md\/ru\/product\/arborele-angrenajului-axului-l-220-z-8-partea-planetara-1-cutie-de-viteze\/","title":{"rendered":"Arborele angrenajului axului L-220 Z-8  &#8211; cutie de viteze"},"content":{"rendered":"<p>Arborele de angrenare a axului (partea planetar\u0103 1) &#8211; cutia de viteze este potrivit\u0103 pentru reductorul de viteze al tractoarelor cu motor diesel \u0219i pe benzin\u0103 cu o putere de 6-10 CP., aer r\u0103cit.<\/p>\n<p>&#8211; Lungime total\u0103 (mm) &#8211; 220<\/p>\n<p>-Num\u0103r de din\u021bi (buc.) &#8211; 8<\/p>\n<p>-Diametrul spate (mm) &#8211; 29 &#8211; 40<\/p>\n<p>-\u00cen\u0103l\u021bimea dintelui (mm) &#8211; 18,8<\/p>\n<p>-Num\u0103r de sloturi (buc.) &#8211; 6<\/p>\n<p>-Diametrul canelurii (mm) &#8211; 20<\/p>\n<p>-Lungimea fantei (mm) &#8211; 33<\/p>\n<p>-Diametrul rulmentului (mm) &#8211; 20<\/p>\n<p>-Filet &#8211; M12<\/p>\n<p>-Greutate (gr.) &#8211; 510<\/p>","protected":false},"excerpt":{"rendered":"<p>Arborele de angrenare a axului (partea planetar\u0103 1) &#8211; cutia de viteze este potrivit\u0103 pentru reductorul de viteze al tractoarelor cu motor diesel \u0219i pe benzin\u0103 cu o putere de 6-10 CP., aer r\u0103cit. &#8211; Lungime total\u0103 (mm) &#8211; 220 -Num\u0103r de din\u021bi (buc.) &#8211; 8 -Diametrul spate (mm) &#8211; 29 &#8211; 40 -\u00cen\u0103l\u021bimea dintelui&hellip;<\/p>","protected":false},"featured_media":1126,"template":"","meta":[],"product_cat":[64],"product_tag":[],"class_list":{"0":"post-1125","1":"product","2":"type-product","3":"status-publish","4":"has-post-thumbnail","6":"product_cat-piese-auto","8":"first","9":"instock","10":"shipping-taxable","11":"purchasable","12":"product-type-simple"},"_links":{"self":[{"href":"https:\/\/motovitalex.md\/ru\/wp-json\/wp\/v2\/product\/1125","targetHints":{"allow":["GET"]}}],"collection":[{"href":"https:\/\/motovitalex.md\/ru\/wp-json\/wp\/v2\/product"}],"about":[{"href":"https:\/\/motovitalex.md\/ru\/wp-json\/wp\/v2\/types\/product"}],"version-history":[{"count":3,"href":"https:\/\/motovitalex.md\/ru\/wp-json\/wp\/v2\/product\/1125\/revisions"}],"predecessor-version":[{"id":1193,"href":"https:\/\/motovitalex.md\/ru\/wp-json\/wp\/v2\/product\/1125\/revisions\/1193"}],"wp:featuredmedia":[{"embeddable":true,"href":"https:\/\/motovitalex.md\/ru\/wp-json\/wp\/v2\/media\/1126"}],"wp:attachment":[{"href":"https:\/\/motovitalex.md\/ru\/wp-json\/wp\/v2\/media?parent=1125"}],"wp:term":[{"taxonomy":"product_cat","embeddable":true,"href":"https:\/\/motovitalex.md\/ru\/wp-json\/wp\/v2\/product_cat?post=1125"},{"taxonomy":"product_tag","embeddable":true,"href":"https:\/\/motovitalex.md\/ru\/wp-json\/wp\/v2\/product_tag?post=1125"}],"curies":[{"name":"wp","href":"https:\/\/api.w.org\/{rel}","templated":true}]}}