{"id":1122,"date":"2024-12-12T14:41:38","date_gmt":"2024-12-12T14:41:38","guid":{"rendered":"https:\/\/motovitalex.md\/?post_type=product&#038;p=1122"},"modified":"2024-12-12T17:28:17","modified_gmt":"2024-12-12T17:28:17","slug":"arbore-secundar-pe-un-reductor-z-6","status":"publish","type":"product","link":"https:\/\/motovitalex.md\/ru\/product\/arbore-secundar-pe-un-reductor-z-6\/","title":{"rendered":"Arbore secundar pe un reductor, Z-6"},"content":{"rendered":"<p>Arborele secundar\u00a0 RF Z-6 este o pies\u0103 fiabil\u0103 \u0219i de \u00eenalt\u0103 calitate pentru cutia de viteze a unui t\u0103ietor activ conceput pentru mototractoare \u0219i tractoare cu mers pe jos cu un motor diesel cu o putere de la 7 la 12 CP.<\/p>\n<p>Acest arbore de ie\u0219ire este potrivit pentru montarea \u021bevilor cu cu\u021bite \u0219i asigur\u0103 o prelucrare eficient\u0103 a solului.<\/p>\n<p>-Are o lungime cuprins\u0103 \u00eentre 255 \u0219i 270 mm, ceea ce asigur\u0103 coresponden\u021ba corect\u0103 cu dimensiunile reductorului \u0219i \u021bevilor cu cu\u021bite;<\/p>\n<p>-Dispune de 6 caneluri pentru a asigura o conexiune puternic\u0103 \u0219i un transfer de putere \u00eentre componente.<\/p>","protected":false},"excerpt":{"rendered":"<p>Arborele secundar\u00a0 RF Z-6 este o pies\u0103 fiabil\u0103 \u0219i de \u00eenalt\u0103 calitate pentru cutia de viteze a unui t\u0103ietor activ conceput pentru mototractoare \u0219i tractoare cu mers pe jos cu un motor diesel cu o putere de la 7 la 12 CP. Acest arbore de ie\u0219ire este potrivit pentru montarea \u021bevilor cu cu\u021bite \u0219i asigur\u0103&hellip;<\/p>","protected":false},"featured_media":1123,"template":"","meta":[],"product_cat":[64],"product_tag":[],"class_list":{"0":"post-1122","1":"product","2":"type-product","3":"status-publish","4":"has-post-thumbnail","6":"product_cat-piese-auto","8":"first","9":"instock","10":"shipping-taxable","11":"purchasable","12":"product-type-simple"},"_links":{"self":[{"href":"https:\/\/motovitalex.md\/ru\/wp-json\/wp\/v2\/product\/1122","targetHints":{"allow":["GET"]}}],"collection":[{"href":"https:\/\/motovitalex.md\/ru\/wp-json\/wp\/v2\/product"}],"about":[{"href":"https:\/\/motovitalex.md\/ru\/wp-json\/wp\/v2\/types\/product"}],"version-history":[{"count":1,"href":"https:\/\/motovitalex.md\/ru\/wp-json\/wp\/v2\/product\/1122\/revisions"}],"predecessor-version":[{"id":1124,"href":"https:\/\/motovitalex.md\/ru\/wp-json\/wp\/v2\/product\/1122\/revisions\/1124"}],"wp:featuredmedia":[{"embeddable":true,"href":"https:\/\/motovitalex.md\/ru\/wp-json\/wp\/v2\/media\/1123"}],"wp:attachment":[{"href":"https:\/\/motovitalex.md\/ru\/wp-json\/wp\/v2\/media?parent=1122"}],"wp:term":[{"taxonomy":"product_cat","embeddable":true,"href":"https:\/\/motovitalex.md\/ru\/wp-json\/wp\/v2\/product_cat?post=1122"},{"taxonomy":"product_tag","embeddable":true,"href":"https:\/\/motovitalex.md\/ru\/wp-json\/wp\/v2\/product_tag?post=1122"}],"curies":[{"name":"wp","href":"https:\/\/api.w.org\/{rel}","templated":true}]}}