{"id":1119,"date":"2024-12-12T14:36:22","date_gmt":"2024-12-12T14:36:22","guid":{"rendered":"https:\/\/motovitalex.md\/?post_type=product&#038;p=1119"},"modified":"2024-12-12T17:29:39","modified_gmt":"2024-12-12T17:29:39","slug":"arbore-primar-pe-motor-tractor-kpp-6-l-390-mm","status":"publish","type":"product","link":"https:\/\/motovitalex.md\/ru\/product\/arbore-primar-pe-motor-tractor-kpp-6-l-390-mm\/","title":{"rendered":"Arbore primar  pentru tractor KPP\/6, L-390 mm"},"content":{"rendered":"<p><span style=\"color: #000000;\">\u00a0 \u00a0Arborele primar\u00a0 KPP\/6 L-390 mm este proiectat pentru utilizarea la cutiile de viteze cu motor-tractor cu un motor diesel r\u0103cit cu ap\u0103 de la 7 la 12 CP.\u00a0 \u00a0 \u00a0<\/span><\/p>\n<p><span style=\"color: #000000;\"> \u00a0 \u00a0 \u00a0 \u00a0<strong>Aceast\u0103 pies\u0103 are urm\u0103toarele caracteristici principale:<\/strong> <\/span><\/p>\n<p><span style=\"color: #000000;\">-Lungimea arborelui este de 390 mm;<\/span><\/p>\n<p><span style=\"color: #000000;\">-Num\u0103rul de caneluri este de 6 buc\u0103\u021bi;<\/span><\/p>\n<p><span style=\"color: #000000;\">-Ie\u0219irea arborelui de sub cheie are o dimensiune de 18 mm;<\/span><\/p>\n<p><span style=\"color: #000000;\">-Greutatea arborelui primar KPP\/6 este de 1,47 kg;<\/span><\/p>\n<p>&nbsp;<\/p>","protected":false},"excerpt":{"rendered":"<p>\u00a0 \u00a0Arborele primar\u00a0 KPP\/6 L-390 mm este proiectat pentru utilizarea la cutiile de viteze cu motor-tractor cu un motor diesel r\u0103cit cu ap\u0103 de la 7 la 12 CP.\u00a0 \u00a0 \u00a0 \u00a0 \u00a0 \u00a0 \u00a0Aceast\u0103 pies\u0103 are urm\u0103toarele caracteristici principale: -Lungimea arborelui este de 390 mm; -Num\u0103rul de caneluri este de 6 buc\u0103\u021bi; -Ie\u0219irea arborelui&hellip;<\/p>","protected":false},"featured_media":1120,"template":"","meta":[],"product_cat":[64],"product_tag":[],"class_list":{"0":"post-1119","1":"product","2":"type-product","3":"status-publish","4":"has-post-thumbnail","6":"product_cat-piese-auto","8":"first","9":"instock","10":"shipping-taxable","11":"purchasable","12":"product-type-simple"},"_links":{"self":[{"href":"https:\/\/motovitalex.md\/ru\/wp-json\/wp\/v2\/product\/1119","targetHints":{"allow":["GET"]}}],"collection":[{"href":"https:\/\/motovitalex.md\/ru\/wp-json\/wp\/v2\/product"}],"about":[{"href":"https:\/\/motovitalex.md\/ru\/wp-json\/wp\/v2\/types\/product"}],"version-history":[{"count":2,"href":"https:\/\/motovitalex.md\/ru\/wp-json\/wp\/v2\/product\/1119\/revisions"}],"predecessor-version":[{"id":1194,"href":"https:\/\/motovitalex.md\/ru\/wp-json\/wp\/v2\/product\/1119\/revisions\/1194"}],"wp:featuredmedia":[{"embeddable":true,"href":"https:\/\/motovitalex.md\/ru\/wp-json\/wp\/v2\/media\/1120"}],"wp:attachment":[{"href":"https:\/\/motovitalex.md\/ru\/wp-json\/wp\/v2\/media?parent=1119"}],"wp:term":[{"taxonomy":"product_cat","embeddable":true,"href":"https:\/\/motovitalex.md\/ru\/wp-json\/wp\/v2\/product_cat?post=1119"},{"taxonomy":"product_tag","embeddable":true,"href":"https:\/\/motovitalex.md\/ru\/wp-json\/wp\/v2\/product_tag?post=1119"}],"curies":[{"name":"wp","href":"https:\/\/api.w.org\/{rel}","templated":true}]}}