{"id":1106,"date":"2024-12-12T13:48:48","date_gmt":"2024-12-12T13:48:48","guid":{"rendered":"https:\/\/motovitalex.md\/?post_type=product&#038;p=1106"},"modified":"2024-12-12T14:25:18","modified_gmt":"2024-12-12T14:25:18","slug":"ansamblu-ambreiaj-4-fluxuri-furca-de-eliberare-mica-mfc","status":"publish","type":"product","link":"https:\/\/motovitalex.md\/ru\/product\/ansamblu-ambreiaj-4-fluxuri-furca-de-eliberare-mica-mfc\/","title":{"rendered":"Ansamblu ambreiaj 4 fluxuri (furc\u0103 de eliberare mic\u0103) &#8211; MFC"},"content":{"rendered":"<p><span style=\"color: #000000;\">Ansamblu ambreiaj 4 fluxuri (furc\u0103 de eliberare mic\u0103) &#8211; MFC <\/span><\/p>\n<p><span style=\"color: #000000;\">Diametru ambreiaj (mm) &#8211; 233 <\/span><\/p>\n<p><span style=\"color: #000000;\">L\u0103\u021bimea pe fluxuri (mm) &#8211; 81 <\/span><\/p>\n<p><span style=\"color: #000000;\">L\u0103\u021bimea fluxului (mm) &#8211; 15<\/span><\/p>\n<p><span style=\"color: #000000;\"> Lungimea furcii de eliberare (mm) &#8211; 82<\/span><\/p>\n<p><span style=\"color: #000000;\"> Diametrul de aterizare pe un arbore (mm) &#8211; 20\/30 <\/span><\/p>\n<p><span style=\"color: #000000;\">Greutate (g) &#8211; 10000<\/span><\/p>","protected":false},"excerpt":{"rendered":"<p>Ansamblu ambreiaj 4 fluxuri (furc\u0103 de eliberare mic\u0103) &#8211; MFC Diametru ambreiaj (mm) &#8211; 233 L\u0103\u021bimea pe fluxuri (mm) &#8211; 81 L\u0103\u021bimea fluxului (mm) &#8211; 15 Lungimea furcii de eliberare (mm) &#8211; 82 Diametrul de aterizare pe un arbore (mm) &#8211; 20\/30 Greutate (g) &#8211; 10000<\/p>","protected":false},"featured_media":1107,"template":"","meta":[],"product_cat":[64],"product_tag":[],"class_list":{"0":"post-1106","1":"product","2":"type-product","3":"status-publish","4":"has-post-thumbnail","6":"product_cat-piese-auto","8":"first","9":"instock","10":"shipping-taxable","11":"purchasable","12":"product-type-simple"},"_links":{"self":[{"href":"https:\/\/motovitalex.md\/ru\/wp-json\/wp\/v2\/product\/1106","targetHints":{"allow":["GET"]}}],"collection":[{"href":"https:\/\/motovitalex.md\/ru\/wp-json\/wp\/v2\/product"}],"about":[{"href":"https:\/\/motovitalex.md\/ru\/wp-json\/wp\/v2\/types\/product"}],"version-history":[{"count":1,"href":"https:\/\/motovitalex.md\/ru\/wp-json\/wp\/v2\/product\/1106\/revisions"}],"predecessor-version":[{"id":1108,"href":"https:\/\/motovitalex.md\/ru\/wp-json\/wp\/v2\/product\/1106\/revisions\/1108"}],"wp:featuredmedia":[{"embeddable":true,"href":"https:\/\/motovitalex.md\/ru\/wp-json\/wp\/v2\/media\/1107"}],"wp:attachment":[{"href":"https:\/\/motovitalex.md\/ru\/wp-json\/wp\/v2\/media?parent=1106"}],"wp:term":[{"taxonomy":"product_cat","embeddable":true,"href":"https:\/\/motovitalex.md\/ru\/wp-json\/wp\/v2\/product_cat?post=1106"},{"taxonomy":"product_tag","embeddable":true,"href":"https:\/\/motovitalex.md\/ru\/wp-json\/wp\/v2\/product_tag?post=1106"}],"curies":[{"name":"wp","href":"https:\/\/api.w.org\/{rel}","templated":true}]}}