{"id":1099,"date":"2024-12-12T13:32:07","date_gmt":"2024-12-12T13:32:07","guid":{"rendered":"https:\/\/motovitalex.md\/?post_type=product&#038;p=1099"},"modified":"2024-12-12T14:28:20","modified_gmt":"2024-12-12T14:28:20","slug":"ansamblu-ambreiaj-2-fluxuri-1-disc-pentru-tractor-cu-mers-pe-jos-mfc","status":"publish","type":"product","link":"https:\/\/motovitalex.md\/ru\/product\/ansamblu-ambreiaj-2-fluxuri-1-disc-pentru-tractor-cu-mers-pe-jos-mfc\/","title":{"rendered":"Ansamblu ambreiaj 2 fluxuri 1 disc pentru tractor cu mers pe jos  MFC"},"content":{"rendered":"<p><span style=\"color: #000000;\">Ansamblul ambreiaj 2 fluxuri 1 disc\u00a0 pentru tractorul cu mers pe jos MFC este o component\u0103 fiabil\u0103 \u0219i func\u021bional\u0103 care joac\u0103 un rol important \u00een transmiterea cuplului de la motor la ro\u021bile tractorului cu mers pe jos.<\/span><\/p>\n<p><span style=\"color: #000000;\">\u00a0Ansamblu ambreiaj 2 caneluri 1 disc MFC potrivit pentru motocultoare si mototractoare cu putere de la 7 la 12 CP.<\/span><\/p>\n<p><span style=\"color: #000000;\"> Este realizat din material puternic \u0219i durabil &#8211; font\u0103. <\/span><\/p>\n<p><strong><span style=\"color: #000000;\">Parametrii principali ai ansamblului ambreiajului 2 fluxuri 1 disc\u00a0 MFC:<\/span><\/strong><\/p>\n<p><span style=\"color: #000000;\"> \u2022 Diametru total: 220 mm <\/span><\/p>\n<p><span style=\"color: #000000;\">\u2022 L\u0103\u021bimea de-a lungul r\u00e2urilor: 45 mm<\/span><\/p>\n<p><span style=\"color: #000000;\">\u2022 L\u0103\u021bimea \u0219uvi\u021bei: 15 mm<\/span><\/p>\n<p><span style=\"color: #000000;\"> \u2022 Lungime furc\u0103 de deblocare: 75 mm<\/span><\/p>\n<p><span style=\"color: #000000;\"> \u2022 Diametru interior rulment 6204RS: 20 mm<\/span><\/p>\n<p>&nbsp;<\/p>","protected":false},"excerpt":{"rendered":"<p>Ansamblul ambreiaj 2 fluxuri 1 disc\u00a0 pentru tractorul cu mers pe jos MFC este o component\u0103 fiabil\u0103 \u0219i func\u021bional\u0103 care joac\u0103 un rol important \u00een transmiterea cuplului de la motor la ro\u021bile tractorului cu mers pe jos. \u00a0Ansamblu ambreiaj 2 caneluri 1 disc MFC potrivit pentru motocultoare si mototractoare cu putere de la 7 la&hellip;<\/p>","protected":false},"featured_media":1100,"template":"","meta":[],"product_cat":[64],"product_tag":[],"class_list":{"0":"post-1099","1":"product","2":"type-product","3":"status-publish","4":"has-post-thumbnail","6":"product_cat-piese-auto","8":"first","9":"instock","10":"shipping-taxable","11":"purchasable","12":"product-type-simple"},"_links":{"self":[{"href":"https:\/\/motovitalex.md\/ru\/wp-json\/wp\/v2\/product\/1099","targetHints":{"allow":["GET"]}}],"collection":[{"href":"https:\/\/motovitalex.md\/ru\/wp-json\/wp\/v2\/product"}],"about":[{"href":"https:\/\/motovitalex.md\/ru\/wp-json\/wp\/v2\/types\/product"}],"version-history":[{"count":3,"href":"https:\/\/motovitalex.md\/ru\/wp-json\/wp\/v2\/product\/1099\/revisions"}],"predecessor-version":[{"id":1118,"href":"https:\/\/motovitalex.md\/ru\/wp-json\/wp\/v2\/product\/1099\/revisions\/1118"}],"wp:featuredmedia":[{"embeddable":true,"href":"https:\/\/motovitalex.md\/ru\/wp-json\/wp\/v2\/media\/1100"}],"wp:attachment":[{"href":"https:\/\/motovitalex.md\/ru\/wp-json\/wp\/v2\/media?parent=1099"}],"wp:term":[{"taxonomy":"product_cat","embeddable":true,"href":"https:\/\/motovitalex.md\/ru\/wp-json\/wp\/v2\/product_cat?post=1099"},{"taxonomy":"product_tag","embeddable":true,"href":"https:\/\/motovitalex.md\/ru\/wp-json\/wp\/v2\/product_tag?post=1099"}],"curies":[{"name":"wp","href":"https:\/\/api.w.org\/{rel}","templated":true}]}}