{"id":1090,"date":"2024-12-11T20:35:08","date_gmt":"2024-12-11T20:35:08","guid":{"rendered":"https:\/\/motovitalex.md\/?post_type=product&#038;p=1090"},"modified":"2024-12-22T09:55:56","modified_gmt":"2024-12-22T09:55:56","slug":"ansamblu-cap-bloc-pentru-motor-diesel-178f-pentru-2-suruburi","status":"publish","type":"product","link":"https:\/\/motovitalex.md\/ru\/product\/ansamblu-cap-bloc-pentru-motor-diesel-178f-pentru-2-suruburi\/","title":{"rendered":"Ansamblu cap bloc pentru motor diesel 178F, pentru 2 \u0219uruburi"},"content":{"rendered":"<p>Ansamblul chiulas\u0103\u00a0 pentru motor diesel 178F, pentru 2 \u0219uruburi este proiectat pentru instalare pe motoare diesel cu o putere de 7CP., aer r\u0103cit.<\/p>\n<p>Capul este realizat din aluminiu prin turnare, ceea ce u\u0219ureaz\u0103 semnificativ greutatea produsului \u0219i cre\u0219te conductivitatea termic\u0103 \u00een compara\u021bie cu capetele din o\u021bel ,este proiectat pentru un capac de supap\u0103 cu dou\u0103 \u0219uruburi.<\/p>\n<p>Piesele sunt instalate \u00een corp:<\/p>\n<p>\u2022 supape cu arcuri;<\/p>\n<p>Aripioarele dezvoltate ale carcasei capului m\u0103resc r\u0103cirea motorului datorit\u0103 fluxurilor de aer care intr\u0103.<\/p>\n<p>Sec\u021biunea transversal\u0103 mare a canalelor de admisie \u0219i evacuare v\u0103 permite s\u0103 umple\u021bi eficient camera de ardere \u0219i s\u0103 \u00eendep\u0103rta\u021bi gazele de e\u0219apament, ceea ce cre\u0219te eficien\u021ba motorului.<\/p>","protected":false},"excerpt":{"rendered":"<p>Ansamblul chiulas\u0103\u00a0 pentru motor diesel 178F, pentru 2 \u0219uruburi este proiectat pentru instalare pe motoare diesel cu o putere de 7CP., aer r\u0103cit. Capul este realizat din aluminiu prin turnare, ceea ce u\u0219ureaz\u0103 semnificativ greutatea produsului \u0219i cre\u0219te conductivitatea termic\u0103 \u00een compara\u021bie cu capetele din o\u021bel ,este proiectat pentru un capac de supap\u0103 cu dou\u0103&hellip;<\/p>","protected":false},"featured_media":1727,"template":"","meta":[],"product_cat":[64],"product_tag":[],"class_list":{"0":"post-1090","1":"product","2":"type-product","3":"status-publish","4":"has-post-thumbnail","6":"product_cat-piese-auto","8":"first","9":"instock","10":"shipping-taxable","11":"purchasable","12":"product-type-simple"},"_links":{"self":[{"href":"https:\/\/motovitalex.md\/ru\/wp-json\/wp\/v2\/product\/1090","targetHints":{"allow":["GET"]}}],"collection":[{"href":"https:\/\/motovitalex.md\/ru\/wp-json\/wp\/v2\/product"}],"about":[{"href":"https:\/\/motovitalex.md\/ru\/wp-json\/wp\/v2\/types\/product"}],"version-history":[{"count":1,"href":"https:\/\/motovitalex.md\/ru\/wp-json\/wp\/v2\/product\/1090\/revisions"}],"predecessor-version":[{"id":1092,"href":"https:\/\/motovitalex.md\/ru\/wp-json\/wp\/v2\/product\/1090\/revisions\/1092"}],"wp:featuredmedia":[{"embeddable":true,"href":"https:\/\/motovitalex.md\/ru\/wp-json\/wp\/v2\/media\/1727"}],"wp:attachment":[{"href":"https:\/\/motovitalex.md\/ru\/wp-json\/wp\/v2\/media?parent=1090"}],"wp:term":[{"taxonomy":"product_cat","embeddable":true,"href":"https:\/\/motovitalex.md\/ru\/wp-json\/wp\/v2\/product_cat?post=1090"},{"taxonomy":"product_tag","embeddable":true,"href":"https:\/\/motovitalex.md\/ru\/wp-json\/wp\/v2\/product_tag?post=1090"}],"curies":[{"name":"wp","href":"https:\/\/api.w.org\/{rel}","templated":true}]}}