{"id":1066,"date":"2024-12-11T17:05:18","date_gmt":"2024-12-11T17:05:18","guid":{"rendered":"https:\/\/motovitalex.md\/?post_type=product&#038;p=1066"},"modified":"2024-12-22T10:03:32","modified_gmt":"2024-12-22T10:03:32","slug":"ansamblu-chiulasa-pentru-motor-diesel-180n","status":"publish","type":"product","link":"https:\/\/motovitalex.md\/ru\/product\/ansamblu-chiulasa-pentru-motor-diesel-180n\/","title":{"rendered":"Ansamblu chiulasa  pentru motor diesel 180N"},"content":{"rendered":"<div class=\"sc-product-attr-list-item d-flex\">\n<div class=\"dark-text fw-500 fsz-14\"><span style=\"color: #000000;\">Ad\u00e2ncimea orificiului pentru duz\u0103,15 mm<\/span><\/div>\n<\/div>\n<div class=\"sc-product-attr-list-item d-flex\">\n<div class=\"dark-text fw-500 fsz-14\"><span style=\"color: #000000;\">Diametrul interior al ghidajului supapei, 7 mm<\/span><\/div>\n<\/div>\n<div class=\"sc-product-attr-list-item d-flex\">\n<div class=\"dark-text fw-500 fsz-14\"><span style=\"color: #000000;\">Diametrul orificiului duzei, 25 mm<\/span><\/div>\n<\/div>\n<div class=\"sc-product-attr-list-item d-flex\">\n<div class=\"dark-text fw-500 fsz-14\"><span style=\"color: #000000;\">Diametrul pl\u0103cilor supapelor, 28 mm<\/span><\/div>\n<\/div>","protected":false},"excerpt":{"rendered":"<p>Ad\u00e2ncimea orificiului pentru duz\u0103,15 mm Diametrul interior al ghidajului supapei, 7 mm Diametrul orificiului duzei, 25 mm Diametrul pl\u0103cilor supapelor, 28 mm<\/p>","protected":false},"featured_media":1728,"template":"","meta":[],"product_cat":[64],"product_tag":[],"class_list":{"0":"post-1066","1":"product","2":"type-product","3":"status-publish","4":"has-post-thumbnail","6":"product_cat-piese-auto","8":"first","9":"instock","10":"shipping-taxable","11":"purchasable","12":"product-type-simple"},"_links":{"self":[{"href":"https:\/\/motovitalex.md\/ru\/wp-json\/wp\/v2\/product\/1066","targetHints":{"allow":["GET"]}}],"collection":[{"href":"https:\/\/motovitalex.md\/ru\/wp-json\/wp\/v2\/product"}],"about":[{"href":"https:\/\/motovitalex.md\/ru\/wp-json\/wp\/v2\/types\/product"}],"version-history":[{"count":1,"href":"https:\/\/motovitalex.md\/ru\/wp-json\/wp\/v2\/product\/1066\/revisions"}],"predecessor-version":[{"id":1068,"href":"https:\/\/motovitalex.md\/ru\/wp-json\/wp\/v2\/product\/1066\/revisions\/1068"}],"wp:featuredmedia":[{"embeddable":true,"href":"https:\/\/motovitalex.md\/ru\/wp-json\/wp\/v2\/media\/1728"}],"wp:attachment":[{"href":"https:\/\/motovitalex.md\/ru\/wp-json\/wp\/v2\/media?parent=1066"}],"wp:term":[{"taxonomy":"product_cat","embeddable":true,"href":"https:\/\/motovitalex.md\/ru\/wp-json\/wp\/v2\/product_cat?post=1066"},{"taxonomy":"product_tag","embeddable":true,"href":"https:\/\/motovitalex.md\/ru\/wp-json\/wp\/v2\/product_tag?post=1066"}],"curies":[{"name":"wp","href":"https:\/\/api.w.org\/{rel}","templated":true}]}}