{"id":1057,"date":"2024-12-11T16:50:03","date_gmt":"2024-12-11T16:50:03","guid":{"rendered":"https:\/\/motovitalex.md\/?post_type=product&#038;p=1057"},"modified":"2024-12-11T20:49:20","modified_gmt":"2024-12-11T20:49:20","slug":"ansamblu-ambreiaj-pentru-6-arcuri","status":"publish","type":"product","link":"https:\/\/motovitalex.md\/ru\/product\/ansamblu-ambreiaj-pentru-6-arcuri\/","title":{"rendered":"Ansamblu ambreiaj pentru 6 arcuri"},"content":{"rendered":"<div class=\"sc-product-attr-list-item d-flex\">\n<div class=\"dark-text fw-500 fsz-14\">\u00a0 \u00a0 Ansamblul de ambreiaj cu arc MFC 6 este o component\u0103 important\u0103 conceput\u0103 pentru a transfera cuplul de la motor la ro\u021bi \u0219i pentru a oferi o conexiune lin\u0103 \u00eentre motor \u0219i alte elemente de transmisie.<\/div>\n<div class=\"dark-text fw-500 fsz-14\">Aceast\u0103 parte este deosebit de important\u0103 pentru schimbarea vitezelor la ma\u0219inile cu transmisie manual\u0103.<\/div>\n<div class=\"dark-text fw-500 fsz-14\">Ansamblul ambreiaj\u00a0 MFC pentru 6 arcuri este conceput pentru a fi utilizat \u00een ambreiajele motocultoarelor \u0219i mototractoarelor cu motoare diesel R180, R192 \u0219i R195 (N180, N192, N195) cu puteri de la 7 la 12 CP.<\/div>\n<div class=\"dark-text fw-500 fsz-14\">Ofer\u0103 o transmisie fiabil\u0103 a cuplului \u0219i v\u0103 permite s\u0103 schimba\u021bi eficient treptele de vitez\u0103, asigur\u00e2nd netezime \u0219i confort \u00een timpul func\u021bion\u0103rii unui tractor pe jos sau a unui tractor cu motor.<\/div>\n<div class=\"dark-text fw-500 fsz-14\"><\/div>\n<\/div>","protected":false},"excerpt":{"rendered":"<p>\u00a0 \u00a0 Ansamblul de ambreiaj cu arc MFC 6 este o component\u0103 important\u0103 conceput\u0103 pentru a transfera cuplul de la motor la ro\u021bi \u0219i pentru a oferi o conexiune lin\u0103 \u00eentre motor \u0219i alte elemente de transmisie. Aceast\u0103 parte este deosebit de important\u0103 pentru schimbarea vitezelor la ma\u0219inile cu transmisie manual\u0103. Ansamblul ambreiaj\u00a0 MFC pentru&hellip;<\/p>","protected":false},"featured_media":1058,"template":"","meta":[],"product_cat":[64],"product_tag":[],"class_list":{"0":"post-1057","1":"product","2":"type-product","3":"status-publish","4":"has-post-thumbnail","6":"product_cat-piese-auto","8":"first","9":"instock","10":"shipping-taxable","11":"purchasable","12":"product-type-simple"},"_links":{"self":[{"href":"https:\/\/motovitalex.md\/ru\/wp-json\/wp\/v2\/product\/1057","targetHints":{"allow":["GET"]}}],"collection":[{"href":"https:\/\/motovitalex.md\/ru\/wp-json\/wp\/v2\/product"}],"about":[{"href":"https:\/\/motovitalex.md\/ru\/wp-json\/wp\/v2\/types\/product"}],"version-history":[{"count":3,"href":"https:\/\/motovitalex.md\/ru\/wp-json\/wp\/v2\/product\/1057\/revisions"}],"predecessor-version":[{"id":1098,"href":"https:\/\/motovitalex.md\/ru\/wp-json\/wp\/v2\/product\/1057\/revisions\/1098"}],"wp:featuredmedia":[{"embeddable":true,"href":"https:\/\/motovitalex.md\/ru\/wp-json\/wp\/v2\/media\/1058"}],"wp:attachment":[{"href":"https:\/\/motovitalex.md\/ru\/wp-json\/wp\/v2\/media?parent=1057"}],"wp:term":[{"taxonomy":"product_cat","embeddable":true,"href":"https:\/\/motovitalex.md\/ru\/wp-json\/wp\/v2\/product_cat?post=1057"},{"taxonomy":"product_tag","embeddable":true,"href":"https:\/\/motovitalex.md\/ru\/wp-json\/wp\/v2\/product_tag?post=1057"}],"curies":[{"name":"wp","href":"https:\/\/api.w.org\/{rel}","templated":true}]}}