{"id":1025,"date":"2024-12-04T19:29:51","date_gmt":"2024-12-04T19:29:51","guid":{"rendered":"https:\/\/motovitalex.md\/?post_type=product&#038;p=1025"},"modified":"2024-12-04T19:32:25","modified_gmt":"2024-12-04T19:32:25","slug":"rato-75-benzina-7-cp","status":"publish","type":"product","link":"https:\/\/motovitalex.md\/ru\/product\/rato-75-benzina-7-cp\/","title":{"rendered":"Motocultor Rato 75 benzina, 7 CP"},"content":{"rendered":"<p>Tip \u2013 motocultivator<br \/>\nTip motor \u2013 benzin\u0103, \u00een 4 timpi<br \/>\nNum\u0103r de cilindri \u2013 1 cilindru<br \/>\nPuterea motorului \u2013 7 CP<br \/>\nTip de r\u0103cire \u2013 aer<br \/>\nCutie de viteze \u2013 2, 1, 0, \u2013 1<br \/>\nPornire motor \u2013 manual<br \/>\nTransmisie \u2013 curea<br \/>\nL\u0103\u021bimea de prelucrare a solului \u2013 800 mm<br \/>\nAd\u00e2ncimea de prelucrare a solului \u2013 100-300 mm<br \/>\nDimensiunea ro\u021bii \u2013 4.00-8<\/p>","protected":false},"excerpt":{"rendered":"<p>Tip \u2013 motocultivator Tip motor \u2013 benzin\u0103, \u00een 4 timpi Num\u0103r de cilindri \u2013 1 cilindru Puterea motorului \u2013 7 CP Tip de r\u0103cire \u2013 aer Cutie de viteze \u2013 2, 1, 0, \u2013 1 Pornire motor \u2013 manual Transmisie \u2013 curea L\u0103\u021bimea de prelucrare a solului \u2013 800 mm Ad\u00e2ncimea de prelucrare a solului&hellip;<\/p>","protected":false},"featured_media":1026,"template":"","meta":[],"product_cat":[67],"product_tag":[],"class_list":{"0":"post-1025","1":"product","2":"type-product","3":"status-publish","4":"has-post-thumbnail","6":"product_cat-motocultoare","8":"first","9":"instock","10":"shipping-taxable","11":"purchasable","12":"product-type-simple"},"_links":{"self":[{"href":"https:\/\/motovitalex.md\/ru\/wp-json\/wp\/v2\/product\/1025","targetHints":{"allow":["GET"]}}],"collection":[{"href":"https:\/\/motovitalex.md\/ru\/wp-json\/wp\/v2\/product"}],"about":[{"href":"https:\/\/motovitalex.md\/ru\/wp-json\/wp\/v2\/types\/product"}],"version-history":[{"count":2,"href":"https:\/\/motovitalex.md\/ru\/wp-json\/wp\/v2\/product\/1025\/revisions"}],"predecessor-version":[{"id":1029,"href":"https:\/\/motovitalex.md\/ru\/wp-json\/wp\/v2\/product\/1025\/revisions\/1029"}],"wp:featuredmedia":[{"embeddable":true,"href":"https:\/\/motovitalex.md\/ru\/wp-json\/wp\/v2\/media\/1026"}],"wp:attachment":[{"href":"https:\/\/motovitalex.md\/ru\/wp-json\/wp\/v2\/media?parent=1025"}],"wp:term":[{"taxonomy":"product_cat","embeddable":true,"href":"https:\/\/motovitalex.md\/ru\/wp-json\/wp\/v2\/product_cat?post=1025"},{"taxonomy":"product_tag","embeddable":true,"href":"https:\/\/motovitalex.md\/ru\/wp-json\/wp\/v2\/product_tag?post=1025"}],"curies":[{"name":"wp","href":"https:\/\/api.w.org\/{rel}","templated":true}]}}